{"id":385,"date":"2019-11-28T09:44:25","date_gmt":"2019-11-28T09:44:25","guid":{"rendered":"https:\/\/restauranteuxoa.com\/?page_id=385"},"modified":"2021-06-08T08:32:32","modified_gmt":"2021-06-08T08:32:32","slug":"aviso-legal","status":"publish","type":"page","link":"https:\/\/restauranteuxoa.com\/index.php\/aviso-legal\/","title":{"rendered":"Aviso Legal"},"content":{"rendered":"<p>El presente aviso legal (en adelante, el \u00abAviso Legal\u00bb) regula el uso del servicio del portal de Internet www.restauramteuxoa.com (en adelante, el \u00abWeb\u00bb) de Escuelas Internacionales para la Educaci\u00f3n y el Desarrollo Eide S.L. provisto con C.I.F: CIF B48474647 y con domicilio social en Genaro Ora\u00e1 Kalea 6, Santurce, 48980, Bizkaia y Eide Language Experiences S.L. provisto con C.I.F: B95870846, con domicilio social en Plaza Balleni 3 Bajo, Santurce, 48980, Bizkaia.<\/p>\n<p><strong>Legislaci\u00f3n<\/strong><\/p>\n<p>Con car\u00e1cter general las relaciones entre de Escuelas Internacionales para la Educaci\u00f3n y el Desarrollo Eide S.L. y Eide Language Experiences S.L., con los Usuarios de sus servicios telem\u00e1ticos, presentes en la web, se encuentran sometidas a la legislaci\u00f3n y jurisdicci\u00f3n espa\u00f1olas.<\/p>\n<p>Las partes renuncian expresamente al fuero que les pudiera corresponder y someten expresamente a los Juzgados y Tribunales de Barakaldo para resolver cualquier controversia que pueda surgir en la interpretaci\u00f3n o ejecuci\u00f3n de las presentes condiciones contractuales.<\/p>\n<p><strong>Contenido y uso<\/strong><\/p>\n<p>El Usuario queda informado, y acepta, que el acceso a la presente web no supone, en modo alguno, el inicio de una relaci\u00f3n comercial con de Escuelas Internacionales para la Educaci\u00f3n y el Desarrollo Eide S.L. y Eide Language Experiences S.L.<\/p>\n<p>El titular del web no se identifica con las opiniones vertidas en el mismo por sus colaboradores. La Empresa se reserva el derecho de efectuar sin previo aviso las modificaciones que considere oportunas en su Web, pudiendo cambiar, suprimir o a\u00f1adir tanto los contenidos y servicios que se presten a trav\u00e9s de la misma como la forma en la que \u00e9stos aparezcan presentados o localizados en sus servidores.<\/p>\n<p><strong>Propiedad intelectual e industrial<\/strong><\/p>\n<p>Los derechos de propiedad intelectual del contenido de las p\u00e1ginas web, su dise\u00f1o gr\u00e1fico y c\u00f3digos son titularidad de Escuelas Internacionales para la Educaci\u00f3n y el Desarrollo Eide S.L. y Eide Language Experiences S.L. y, por tanto, queda prohibida su reproducci\u00f3n, distribuci\u00f3n, comunicaci\u00f3n p\u00fablica, transformaci\u00f3n o cualquier otra actividad que se pueda realizar con los contenidos de sus p\u00e1ginas web ni aun citando las fuentes, salvo consentimiento por escrito de de Escuelas Internacionales para la Educaci\u00f3n y el Desarrollo Eide S.L. y Eide Language Experiences S.L. Todos los nombres comerciales, marcas o signos distintos de cualquier clase contenidos en las p\u00e1ginas web de la Empresa son propiedad de sus due\u00f1os y est\u00e1n protegidos por ley.<\/p>\n<p><strong>Enlaces (Links)<\/strong><\/p>\n<p>La presencia de enlaces (links) en las p\u00e1ginas web de Escuelas Internacionales para la Educaci\u00f3n y el Desarrollo Eide S.L. y Eide Language Experiences S.L. tiene finalidad meramente informativa y en ning\u00fan caso supone sugerencia, invitaci\u00f3n o recomendaci\u00f3n sobre los mismos.<\/p>\n","protected":false},"excerpt":{"rendered":"<p>El presente aviso legal (en adelante, el \u00abAviso Legal\u00bb) regula el uso del servicio del portal de Internet www.restauramteuxoa.com (en adelante, el \u00abWeb\u00bb) de Escuelas Internacionales para la Educaci\u00f3n y el Desarrollo Eide S.L. provisto con C.I.F: CIF B48474647 y con domicilio social en Genaro Ora\u00e1 Kalea 6, Santurce, 48980, Bizkaia y Eide Language Experiences&#8230; <\/p>\n","protected":false},"author":3,"featured_media":0,"parent":0,"menu_order":0,"comment_status":"closed","ping_status":"closed","template":"","meta":[],"yoast_head":"<!-- This site is optimized with the Yoast SEO plugin v16.6.1 - https:\/\/yoast.com\/wordpress\/plugins\/seo\/ -->\n<title>Aviso Legal - Restaurante Uxoa<\/title>\n<meta name=\"robots\" content=\"index, follow, max-snippet:-1, max-image-preview:large, max-video-preview:-1\" \/>\n<link rel=\"canonical\" href=\"https:\/\/restauranteuxoa.com\/index.php\/aviso-legal\/\" \/>\n<meta property=\"og:locale\" content=\"es_ES\" \/>\n<meta property=\"og:type\" content=\"article\" \/>\n<meta property=\"og:title\" content=\"Aviso Legal - Restaurante Uxoa\" \/>\n<meta property=\"og:description\" content=\"El presente aviso legal (en adelante, el \u00abAviso Legal\u00bb) regula el uso del servicio del portal de Internet www.restauramteuxoa.com (en adelante, el \u00abWeb\u00bb) de Escuelas Internacionales para la Educaci\u00f3n y el Desarrollo Eide S.L. provisto con C.I.F: CIF B48474647 y con domicilio social en Genaro Ora\u00e1 Kalea 6, Santurce, 48980, Bizkaia y Eide Language Experiences...\" \/>\n<meta property=\"og:url\" content=\"https:\/\/restauranteuxoa.com\/index.php\/aviso-legal\/\" \/>\n<meta property=\"og:site_name\" content=\"Restaurante Uxoa\" \/>\n<meta property=\"article:modified_time\" content=\"2021-06-08T08:32:32+00:00\" \/>\n<meta name=\"twitter:card\" content=\"summary_large_image\" \/>\n<meta name=\"twitter:label1\" content=\"Tiempo de lectura\" \/>\n\t<meta name=\"twitter:data1\" content=\"2 minutos\" \/>\n<script type=\"application\/ld+json\" class=\"yoast-schema-graph\">{\"@context\":\"https:\/\/schema.org\",\"@graph\":[{\"@type\":\"WebSite\",\"@id\":\"https:\/\/restauranteuxoa.com\/#website\",\"url\":\"https:\/\/restauranteuxoa.com\/\",\"name\":\"Restaurante Uxoa\",\"description\":\"Escuela de Hosteler\\u00eda de Santurtzi\",\"potentialAction\":[{\"@type\":\"SearchAction\",\"target\":{\"@type\":\"EntryPoint\",\"urlTemplate\":\"https:\/\/restauranteuxoa.com\/?s={search_term_string}\"},\"query-input\":\"required name=search_term_string\"}],\"inLanguage\":\"es\"},{\"@type\":\"WebPage\",\"@id\":\"https:\/\/restauranteuxoa.com\/index.php\/aviso-legal\/#webpage\",\"url\":\"https:\/\/restauranteuxoa.com\/index.php\/aviso-legal\/\",\"name\":\"Aviso Legal - Restaurante Uxoa\",\"isPartOf\":{\"@id\":\"https:\/\/restauranteuxoa.com\/#website\"},\"datePublished\":\"2019-11-28T09:44:25+00:00\",\"dateModified\":\"2021-06-08T08:32:32+00:00\",\"breadcrumb\":{\"@id\":\"https:\/\/restauranteuxoa.com\/index.php\/aviso-legal\/#breadcrumb\"},\"inLanguage\":\"es\",\"potentialAction\":[{\"@type\":\"ReadAction\",\"target\":[\"https:\/\/restauranteuxoa.com\/index.php\/aviso-legal\/\"]}]},{\"@type\":\"BreadcrumbList\",\"@id\":\"https:\/\/restauranteuxoa.com\/index.php\/aviso-legal\/#breadcrumb\",\"itemListElement\":[{\"@type\":\"ListItem\",\"position\":1,\"name\":\"Home\",\"item\":\"https:\/\/restauranteuxoa.com\/\"},{\"@type\":\"ListItem\",\"position\":2,\"name\":\"Aviso Legal\"}]}]}<\/script>\n<!-- \/ Yoast SEO plugin. -->","_links":{"self":[{"href":"https:\/\/restauranteuxoa.com\/index.php\/wp-json\/wp\/v2\/pages\/385"}],"collection":[{"href":"https:\/\/restauranteuxoa.com\/index.php\/wp-json\/wp\/v2\/pages"}],"about":[{"href":"https:\/\/restauranteuxoa.com\/index.php\/wp-json\/wp\/v2\/types\/page"}],"author":[{"embeddable":true,"href":"https:\/\/restauranteuxoa.com\/index.php\/wp-json\/wp\/v2\/users\/3"}],"replies":[{"embeddable":true,"href":"https:\/\/restauranteuxoa.com\/index.php\/wp-json\/wp\/v2\/comments?post=385"}],"version-history":[{"count":3,"href":"https:\/\/restauranteuxoa.com\/index.php\/wp-json\/wp\/v2\/pages\/385\/revisions"}],"predecessor-version":[{"id":409,"href":"https:\/\/restauranteuxoa.com\/index.php\/wp-json\/wp\/v2\/pages\/385\/revisions\/409"}],"wp:attachment":[{"href":"https:\/\/restauranteuxoa.com\/index.php\/wp-json\/wp\/v2\/media?parent=385"}],"curies":[{"name":"wp","href":"https:\/\/api.w.org\/{rel}","templated":true}]}}